{"id":3638,"date":"2024-06-10T11:18:23","date_gmt":"2024-06-10T09:18:23","guid":{"rendered":"https:\/\/ehpadcentrecreusecombraille.fr\/ehpad-les-signolles\/?page_id=3638"},"modified":"2025-09-23T12:15:12","modified_gmt":"2025-09-23T10:15:12","slug":"les-avis-ethiques","status":"publish","type":"page","link":"https:\/\/ehpadcentrecreusecombraille.fr\/ehpad-les-signolles\/les-avis-ethiques\/","title":{"rendered":"Les avis \u00e9thiques"},"content":{"rendered":"\n<div class=\"wp-block-uagb-container uagb-block-3ad17e27 alignfull uagb-is-root-container\"><div class=\"uagb-container-inner-blocks-wrap\">\n<div style=\"height:50px\" aria-hidden=\"true\" class=\"wp-block-spacer\"><\/div>\n\n\n\n<div class=\"wp-block-uagb-advanced-heading uagb-block-8a1eebc0\"><h1 class=\"uagb-heading-text\">Les avis \u00e9thiques<\/h1><\/div>\n<\/div><\/div>\n\n\n\n<div class=\"wp-block-group has-ast-global-color-1-background-color has-background is-layout-constrained wp-block-group-is-layout-constrained\">\n<div class=\"wp-block-columns has-ast-global-color-4-color has-ast-global-color-1-background-color has-text-color has-background has-link-color wp-elements-051ba6fad1fed5a60a8eb9fb488231f5 is-layout-flex wp-container-core-columns-is-layout-28f84493 wp-block-columns-is-layout-flex\">\n<div class=\"wp-block-column is-layout-flow wp-block-column-is-layout-flow\">\n<div class=\"wp-block-uagb-advanced-heading uagb-block-2807deaf\"><h2 class=\"uagb-heading-text\">CETTE PAGE EST CONSACR\u00c9E \u00c0 LA RESTITUTION PUBLIQUE DE NOS R\u00c9FLEXIONS<\/h2><\/div>\n\n\n\n<p class=\"has-text-align-center\">Un avis \u00e9thique est le r\u00e9sultat de recherches et de d\u00e9bats approfondis en s\u00e9ances, provenant de situations qui ont \u00e9t\u00e9 port\u00e9es \u00e0 la connaissance du Comit\u00e9. L&rsquo;avis du Comit\u00e9 d&rsquo;\u00e9thique reste consultatif et n&rsquo;a en aucun cas de pouvoir d\u00e9cisionnaire. Il a pour mission de donner un regard \u00e9clair\u00e9 sur des situations complexes.<\/p>\n<\/div>\n<\/div>\n<\/div>\n\n\n\n<div class=\"wp-block-columns alignwide is-layout-flex wp-container-core-columns-is-layout-d2da2050 wp-block-columns-is-layout-flex\" style=\"margin-bottom:0\">\n<div class=\"wp-block-column has-ast-global-color-5-background-color has-text-color has-background has-link-color wp-elements-10b3891fac9d52319ecfcb37ef5b16e4 is-layout-flow wp-block-column-is-layout-flow\" style=\"color:#000000;padding-top:2em;padding-right:2em;padding-bottom:2em;padding-left:2em\">\n<div class=\"wp-block-uagb-advanced-heading uagb-block-36fbd062\"><h3 class=\"uagb-heading-text\">AVIS 01 \u2013 JUIN 2024 : \u00ab \u00c0 quels moments la s\u00e9curit\u00e9 pr\u00e9vaut sur les libert\u00e9s individuelles en unit\u00e9 s\u00e9curis\u00e9e ? \u00bb<\/h3><\/div>\n\n\n\n<hr class=\"wp-block-separator has-css-opacity is-style-wide\"\/>\n\n\n\n<div data-wp-interactive=\"core\/file\" class=\"wp-block-file aligncenter\"><object data-wp-bind--hidden=\"!state.hasPdfPreview\" hidden class=\"wp-block-file__embed\" data=\"https:\/\/ehpadcentrecreusecombraille.fr\/ehpad-les-signolles\/wp-content\/uploads\/sites\/2\/2024\/08\/AVIS_01_juin_2024-1.pdf\" type=\"application\/pdf\" style=\"width:100%;height:300px\" aria-label=\"PDF embarqu\u00e9\"><\/object><a href=\"https:\/\/ehpadcentrecreusecombraille.fr\/ehpad-les-signolles\/wp-content\/uploads\/sites\/2\/2024\/08\/AVIS_01_juin_2024-1.pdf\" class=\"wp-block-file__button wp-element-button\" download>T\u00e9l\u00e9charger l&rsquo;avis 01<\/a><\/div>\n<\/div>\n\n\n\n<div class=\"wp-block-column has-ast-global-color-5-background-color has-text-color has-background has-link-color wp-elements-ffd23b7da94f519c6518b5c14f3318f4 is-layout-flow wp-block-column-is-layout-flow\" style=\"color:#000000;padding-top:2em;padding-right:2em;padding-bottom:2em;padding-left:2em\">\n<div class=\"wp-block-uagb-advanced-heading uagb-block-4138c13a\"><h3 class=\"uagb-heading-text\">AVIS 02 \u2013 AVRIL 2025 : \u00ab Comment pr\u00e9venir le risque de banalisation de la maltraitance en institution ? \u00bb<\/h3><\/div>\n\n\n\n<hr class=\"wp-block-separator has-css-opacity is-style-wide\"\/>\n\n\n\n<div data-wp-interactive=\"core\/file\" class=\"wp-block-file aligncenter\"><object data-wp-bind--hidden=\"!state.hasPdfPreview\" hidden class=\"wp-block-file__embed\" data=\"https:\/\/ehpadcentrecreusecombraille.fr\/ehpad-les-signolles\/wp-content\/uploads\/sites\/2\/2025\/04\/AVIS-02.pdf\" type=\"application\/pdf\" style=\"width:100%;height:300px\" aria-label=\"PDF embarqu\u00e9\"><\/object><a href=\"https:\/\/ehpadcentrecreusecombraille.fr\/ehpad-les-signolles\/wp-content\/uploads\/sites\/2\/2025\/04\/AVIS-02.pdf\" class=\"wp-block-file__button wp-element-button\" download>T\u00e9l\u00e9charger l&rsquo;avis 02<\/a><\/div>\n<\/div>\n<\/div>\n\n\n\n<div class=\"wp-block-columns alignwide has-ast-global-color-5-background-color has-background is-layout-flex wp-container-core-columns-is-layout-d2da2050 wp-block-columns-is-layout-flex\" style=\"margin-bottom:0\">\n<div class=\"wp-block-column has-ast-global-color-0-background-color has-text-color has-background has-link-color wp-elements-b19ebd0303075dcab3e38882b11faa06 is-layout-flow wp-block-column-is-layout-flow\" style=\"color:#000000;padding-top:2em;padding-right:2em;padding-bottom:2em;padding-left:2em\">\n<div class=\"wp-block-uagb-advanced-heading uagb-block-d3470649\"><h3 class=\"uagb-heading-text\">Rapport annuel 2024&nbsp;du comit\u00e9 d&rsquo;\u00e9thique<\/h3><\/div>\n\n\n\n<hr class=\"wp-block-separator has-css-opacity is-style-wide\"\/>\n\n\n\n<div data-wp-interactive=\"core\/file\" class=\"wp-block-file aligncenter\"><object data-wp-bind--hidden=\"!state.hasPdfPreview\" hidden class=\"wp-block-file__embed\" data=\"https:\/\/ehpadcentrecreusecombraille.fr\/ehpad-les-signolles\/wp-content\/uploads\/sites\/2\/2025\/09\/Rapport_Annuel_2024_Com_Eth.pdf\" type=\"application\/pdf\" style=\"width:100%;height:600px\" aria-label=\"PDF embarqu\u00e9\"><\/object><a href=\"https:\/\/ehpadcentrecreusecombraille.fr\/ehpad-les-signolles\/wp-content\/uploads\/sites\/2\/2025\/09\/Rapport_Annuel_2024_Com_Eth.pdf\" class=\"wp-block-file__button wp-element-button\" download>T\u00e9l\u00e9charger le rapport<\/a><\/div>\n<\/div>\n<\/div>\n","protected":false},"excerpt":{"rendered":"<p>Les avis \u00e9thiques CETTE PAGE EST CONSACR\u00c9E \u00c0 LA RESTITUTION PUBLIQUE DE NOS R\u00c9FLEXIONS Un avis \u00e9thique est le r\u00e9sultat [&hellip;]<\/p>\n","protected":false},"author":5,"featured_media":0,"parent":0,"menu_order":0,"comment_status":"closed","ping_status":"closed","template":"","meta":{"_uag_custom_page_level_css":"","site-sidebar-layout":"no-sidebar","site-content-layout":"page-builder","ast-site-content-layout":"full-width-container","site-content-style":"unboxed","site-sidebar-style":"unboxed","ast-global-header-display":"","ast-banner-title-visibility":"","ast-main-header-display":"","ast-hfb-above-header-display":"","ast-hfb-below-header-display":"","ast-hfb-mobile-header-display":"","site-post-title":"disabled","ast-breadcrumbs-content":"","ast-featured-img":"disabled","footer-sml-layout":"","ast-disable-related-posts":"","theme-transparent-header-meta":"enabled","adv-header-id-meta":"","stick-header-meta":"","header-above-stick-meta":"","header-main-stick-meta":"","header-below-stick-meta":"","astra-migrate-meta-layouts":"set","ast-page-background-enabled":"default","ast-page-background-meta":{"desktop":{"background-color":"var(--ast-global-color-4)","background-image":"","background-repeat":"repeat","background-position":"center center","background-size":"auto","background-attachment":"scroll","background-type":"","background-media":"","overlay-type":"","overlay-color":"","overlay-opacity":"","overlay-gradient":""},"tablet":{"background-color":"","background-image":"","background-repeat":"repeat","background-position":"center center","background-size":"auto","background-attachment":"scroll","background-type":"","background-media":"","overlay-type":"","overlay-color":"","overlay-opacity":"","overlay-gradient":""},"mobile":{"background-color":"","background-image":"","background-repeat":"repeat","background-position":"center center","background-size":"auto","background-attachment":"scroll","background-type":"","background-media":"","overlay-type":"","overlay-color":"","overlay-opacity":"","overlay-gradient":""}},"ast-content-background-meta":{"desktop":{"background-color":"var(--ast-global-color-5)","background-image":"","background-repeat":"repeat","background-position":"center center","background-size":"auto","background-attachment":"scroll","background-type":"","background-media":"","overlay-type":"","overlay-color":"","overlay-opacity":"","overlay-gradient":""},"tablet":{"background-color":"var(--ast-global-color-5)","background-image":"","background-repeat":"repeat","background-position":"center center","background-size":"auto","background-attachment":"scroll","background-type":"","background-media":"","overlay-type":"","overlay-color":"","overlay-opacity":"","overlay-gradient":""},"mobile":{"background-color":"var(--ast-global-color-5)","background-image":"","background-repeat":"repeat","background-position":"center center","background-size":"auto","background-attachment":"scroll","background-type":"","background-media":"","overlay-type":"","overlay-color":"","overlay-opacity":"","overlay-gradient":""}},"footnotes":""},"class_list":["post-3638","page","type-page","status-publish","hentry"],"uagb_featured_image_src":{"full":false,"thumbnail":false,"medium":false,"medium_large":false,"large":false,"1536x1536":false,"2048x2048":false},"uagb_author_info":{"display_name":"signollesadmin23","author_link":"https:\/\/ehpadcentrecreusecombraille.fr\/ehpad-les-signolles\/author\/signollesadmin23\/"},"uagb_comment_info":0,"uagb_excerpt":"Les avis \u00e9thiques CETTE PAGE EST CONSACR\u00c9E \u00c0 LA RESTITUTION PUBLIQUE DE NOS R\u00c9FLEXIONS Un avis \u00e9thique est le r\u00e9sultat [&hellip;]","_links":{"self":[{"href":"https:\/\/ehpadcentrecreusecombraille.fr\/ehpad-les-signolles\/wp-json\/wp\/v2\/pages\/3638","targetHints":{"allow":["GET"]}}],"collection":[{"href":"https:\/\/ehpadcentrecreusecombraille.fr\/ehpad-les-signolles\/wp-json\/wp\/v2\/pages"}],"about":[{"href":"https:\/\/ehpadcentrecreusecombraille.fr\/ehpad-les-signolles\/wp-json\/wp\/v2\/types\/page"}],"author":[{"embeddable":true,"href":"https:\/\/ehpadcentrecreusecombraille.fr\/ehpad-les-signolles\/wp-json\/wp\/v2\/users\/5"}],"replies":[{"embeddable":true,"href":"https:\/\/ehpadcentrecreusecombraille.fr\/ehpad-les-signolles\/wp-json\/wp\/v2\/comments?post=3638"}],"version-history":[{"count":5,"href":"https:\/\/ehpadcentrecreusecombraille.fr\/ehpad-les-signolles\/wp-json\/wp\/v2\/pages\/3638\/revisions"}],"predecessor-version":[{"id":4466,"href":"https:\/\/ehpadcentrecreusecombraille.fr\/ehpad-les-signolles\/wp-json\/wp\/v2\/pages\/3638\/revisions\/4466"}],"wp:attachment":[{"href":"https:\/\/ehpadcentrecreusecombraille.fr\/ehpad-les-signolles\/wp-json\/wp\/v2\/media?parent=3638"}],"curies":[{"name":"wp","href":"https:\/\/api.w.org\/{rel}","templated":true}]}}