{"id":1819,"date":"2023-12-11T15:46:15","date_gmt":"2023-12-11T14:46:15","guid":{"rendered":"https:\/\/ehpadcentrecreusecombraille.fr\/centre-de-ressources\/?page_id=1819"},"modified":"2025-12-03T09:12:45","modified_gmt":"2025-12-03T08:12:45","slug":"collaborations-recentes","status":"publish","type":"page","link":"https:\/\/ehpadcentrecreusecombraille.fr\/centre-de-ressources\/collaborations-recentes\/","title":{"rendered":"Nos partenaires"},"content":{"rendered":"\n<div class=\"wp-block-uagb-container uagb-block-3ad17e27 alignfull uagb-is-root-container\"><div class=\"uagb-container-inner-blocks-wrap\">\n<div class=\"wp-block-uagb-advanced-heading uagb-block-8a1eebc0\"><h1 class=\"uagb-heading-text\">Nos partenaires<\/h1><\/div>\n<\/div><\/div>\n\n\n\n<div class=\"wp-block-columns has-ast-global-color-0-background-color has-background is-layout-flex wp-container-core-columns-is-layout-28f84493 wp-block-columns-is-layout-flex\">\n<div class=\"wp-block-column is-layout-flow wp-block-column-is-layout-flow\">\n<div class=\"wp-block-uagb-advanced-heading uagb-block-0b031b07\"><h2 class=\"uagb-heading-text\">UN OBJECTIF COMMUN&#8230; VOTRE BIEN \u00caTRE&nbsp;!<\/h2><\/div>\n<\/div>\n<\/div>\n\n\n\n<div class=\"wp-block-columns alignwide has-ast-global-color-5-background-color has-background is-layout-flex wp-container-core-columns-is-layout-d2da2050 wp-block-columns-is-layout-flex\" style=\"margin-bottom:0\">\n<div class=\"wp-block-column has-ast-global-color-2-color has-ast-global-color-0-background-color has-text-color has-background has-link-color wp-elements-d94cb0869f9fe34a405c78bf0431da23 is-layout-flow wp-block-column-is-layout-flow\" style=\"padding-top:2em;padding-right:2em;padding-bottom:2em;padding-left:2em\">\n<p class=\"has-ast-global-color-2-color has-ast-global-color-5-background-color has-text-color has-background has-link-color wp-elements-c9547bc045f4f6114514a809364407b8\" style=\"margin-top:var(--wp--preset--spacing--60);margin-right:var(--wp--preset--spacing--80);margin-bottom:var(--wp--preset--spacing--60);margin-left:var(--wp--preset--spacing--80);padding-top:var(--wp--preset--spacing--80);padding-right:var(--wp--preset--spacing--80);padding-bottom:var(--wp--preset--spacing--80);padding-left:var(--wp--preset--spacing--80)\">L\u2019objectif d\u2019atome est d\u2019offrir une r\u00e9ponse de proximit\u00e9 pour toutes les personnes de plus de 60 ans vivant sur notre territoire quels que soient leur situation familiale, l\u2019\u00e9tat de sant\u00e9, les besoins exprim\u00e9s\u2026. Le Centre ne se substitut pas aux acteurs de sant\u00e9 existant, il agira en collaboration et en compl\u00e9ment de sorte \u00e0 am\u00e9liorer l\u2019acc\u00e8s aux ressources locales. Ainsi le CRT collabore avec des partenaires engag\u00e9s qui soutiennent sa mission visant \u00e0 renforcer l\u2019accompagnement des personnes \u00e2g\u00e9es.<\/p>\n<\/div>\n\n\n\n<div class=\"wp-block-column has-ast-global-color-5-background-color has-text-color has-background has-link-color wp-elements-8839e2d69515ab3e099582df1df228ca is-layout-flow wp-block-column-is-layout-flow\" style=\"color:#000000;padding-top:2em;padding-right:2em;padding-bottom:2em;padding-left:2em\">\n<figure class=\"wp-block-image size-full is-resized\"><img loading=\"lazy\" decoding=\"async\" width=\"512\" height=\"512\" src=\"https:\/\/ehpadcentrecreusecombraille.fr\/centre-de-ressources\/wp-content\/uploads\/sites\/8\/2024\/02\/social-services.png\" alt=\"\" class=\"wp-image-2128\" style=\"width:351px;height:auto\" srcset=\"https:\/\/ehpadcentrecreusecombraille.fr\/centre-de-ressources\/wp-content\/uploads\/sites\/8\/2024\/02\/social-services.png 512w, https:\/\/ehpadcentrecreusecombraille.fr\/centre-de-ressources\/wp-content\/uploads\/sites\/8\/2024\/02\/social-services-300x300.png 300w, https:\/\/ehpadcentrecreusecombraille.fr\/centre-de-ressources\/wp-content\/uploads\/sites\/8\/2024\/02\/social-services-150x150.png 150w\" sizes=\"auto, (max-width: 512px) 100vw, 512px\" \/><\/figure>\n\n\n\n<hr class=\"wp-block-separator has-text-color has-ast-global-color-0-color has-alpha-channel-opacity has-ast-global-color-0-background-color has-background is-style-wide\"\/>\n<\/div>\n<\/div>\n\n\n\n<div class=\"wp-block-columns has-ast-global-color-0-background-color has-background is-layout-flex wp-container-core-columns-is-layout-28f84493 wp-block-columns-is-layout-flex\">\n<div class=\"wp-block-column is-layout-flow wp-block-column-is-layout-flow\">\n<div class=\"wp-block-uagb-advanced-heading uagb-block-cc4d0dec\"><h2 class=\"uagb-heading-text\">COLLABORATIONS R\u00c9CENTES <\/h2><\/div>\n<\/div>\n<\/div>\n\n\n\n<div class=\"wp-block-columns alignwide has-ast-global-color-5-background-color has-background is-layout-flex wp-container-core-columns-is-layout-d2da2050 wp-block-columns-is-layout-flex\" style=\"margin-bottom:0\">\n<div class=\"wp-block-column has-ast-global-color-1-background-color has-text-color has-background has-link-color wp-elements-59e68a84aed07150ea981259847b3a6a is-layout-flow wp-block-column-is-layout-flow\" style=\"color:#000000;padding-top:2em;padding-right:2em;padding-bottom:2em;padding-left:2em\">\n<figure class=\"wp-block-image size-full is-resized\"><img loading=\"lazy\" decoding=\"async\" width=\"512\" height=\"512\" src=\"https:\/\/ehpadcentrecreusecombraille.fr\/centre-de-ressources\/wp-content\/uploads\/sites\/8\/2024\/03\/man.png\" alt=\"\" class=\"wp-image-2227\" style=\"width:245px;height:auto\" srcset=\"https:\/\/ehpadcentrecreusecombraille.fr\/centre-de-ressources\/wp-content\/uploads\/sites\/8\/2024\/03\/man.png 512w, https:\/\/ehpadcentrecreusecombraille.fr\/centre-de-ressources\/wp-content\/uploads\/sites\/8\/2024\/03\/man-300x300.png 300w, https:\/\/ehpadcentrecreusecombraille.fr\/centre-de-ressources\/wp-content\/uploads\/sites\/8\/2024\/03\/man-150x150.png 150w\" sizes=\"auto, (max-width: 512px) 100vw, 512px\" \/><\/figure>\n\n\n\n<hr class=\"wp-block-separator has-text-color has-ast-global-color-0-color has-alpha-channel-opacity has-ast-global-color-0-background-color has-background is-style-wide\"\/>\n\n\n\n<div class=\"wp-block-uagb-advanced-heading uagb-block-309dd690\"><h3 class=\"uagb-heading-text\"><strong>Siel Bleu<\/strong><\/h3><\/div>\n\n\n\n<p class=\"has-ast-global-color-3-color has-text-color has-link-color wp-elements-26d70429ed86a365af880544b7e614bd\"><strong>Le Centre de ressources finance des cours de gym \u2019douce qui sont propos\u00e9s tous les 15 jours, gratuitement, en partenariat avec  l&rsquo;association SIEL BLEU.<\/strong> Vous retrouverez ci-dessous les cours d\u00e9j\u00e0 propos\u00e9s sur le territoire, d\u2019autres vont arriver prochainement&nbsp;!<\/p>\n\n\n\n<p class=\"has-ast-global-color-3-color has-text-color has-link-color wp-elements-9bc8ff7b90870f241469df39415abc93\">Si vous souhaitez participer, n\u2019h\u00e9sitez pas \u00e0 appeler Mme C\u00e9line BANCELIN qui pourra r\u00e9pondre \u00e0 vos questions et vous indiquer s\u2019il reste des places dans un des groupes. Son num\u00e9ro est le 06.69.76.79.94<\/p>\n<\/div>\n<\/div>\n\n\n\n<div class=\"wp-block-columns has-ast-global-color-0-background-color has-background is-layout-flex wp-container-core-columns-is-layout-28f84493 wp-block-columns-is-layout-flex\">\n<div class=\"wp-block-column is-layout-flow wp-block-column-is-layout-flow\">\n<div class=\"wp-block-uagb-advanced-heading uagb-block-431fa4b3\"><h2 class=\"uagb-heading-text\">VOUS SOUHAITEZ DEVENIR PARTENAIRE DU CRT ?<\/h2><\/div>\n<\/div>\n<\/div>\n\n\n\n<div class=\"wp-block-columns alignwide has-ast-global-color-5-background-color has-background is-layout-flex wp-container-core-columns-is-layout-d2da2050 wp-block-columns-is-layout-flex\" style=\"margin-bottom:0\">\n<div class=\"wp-block-column has-ast-global-color-2-color has-ast-global-color-0-background-color has-text-color has-background has-link-color wp-elements-223ca061c70e4d326225ec162f3faecc is-layout-flow wp-block-column-is-layout-flow\" style=\"padding-top:2em;padding-right:2em;padding-bottom:2em;padding-left:2em\">\n<p class=\"has-ast-global-color-2-color has-ast-global-color-3-background-color has-text-color has-background has-link-color wp-elements-9115f0b45b3c9f23a44eb3c70b8e76fc\" style=\"margin-top:var(--wp--preset--spacing--60);margin-right:var(--wp--preset--spacing--80);margin-bottom:var(--wp--preset--spacing--60);margin-left:var(--wp--preset--spacing--80);padding-top:var(--wp--preset--spacing--80);padding-right:var(--wp--preset--spacing--80);padding-bottom:var(--wp--preset--spacing--80);padding-left:var(--wp--preset--spacing--80)\">Si votre organisation partage notre vision et souhaite devenir un partenaire du CRT, nous vous invitons \u00e0 nous contacter par mail : <strong><strong><a href=\"&#x63;&#x6f;&#x6e;&#x74;&#x61;&#x63;&#x74;&#64;&#99;&#114;&#116;&#97;tome&#x2e;&#x66;&#x72;\">c&#111;&#x6e;&#x74;a&#99;&#x74;&#x40;c&#114;&#x74;&#x61;t&#111;&#x6d;&#x65;&#46;&#102;&#x72;<\/a><\/strong><\/strong><\/p>\n<\/div>\n\n\n\n<div class=\"wp-block-column has-ast-global-color-5-background-color has-text-color has-background has-link-color wp-elements-6bae5652bf480c67314c680ddcd43ab3 is-layout-flow wp-block-column-is-layout-flow\" style=\"color:#000000;padding-top:2em;padding-right:2em;padding-bottom:2em;padding-left:2em\">\n<figure class=\"wp-block-image size-full is-resized\"><img loading=\"lazy\" decoding=\"async\" width=\"512\" height=\"512\" src=\"https:\/\/ehpadcentrecreusecombraille.fr\/centre-de-ressources\/wp-content\/uploads\/sites\/8\/2024\/02\/puzzle.png\" alt=\"\" class=\"wp-image-2132\" style=\"width:245px;height:auto\" srcset=\"https:\/\/ehpadcentrecreusecombraille.fr\/centre-de-ressources\/wp-content\/uploads\/sites\/8\/2024\/02\/puzzle.png 512w, https:\/\/ehpadcentrecreusecombraille.fr\/centre-de-ressources\/wp-content\/uploads\/sites\/8\/2024\/02\/puzzle-300x300.png 300w, https:\/\/ehpadcentrecreusecombraille.fr\/centre-de-ressources\/wp-content\/uploads\/sites\/8\/2024\/02\/puzzle-150x150.png 150w\" sizes=\"auto, (max-width: 512px) 100vw, 512px\" \/><\/figure>\n\n\n\n<hr class=\"wp-block-separator has-text-color has-ast-global-color-0-color has-alpha-channel-opacity has-ast-global-color-0-background-color has-background is-style-wide\"\/>\n<\/div>\n<\/div>\n\n\n\t\t\t\t\t<div\n\t\t\t\t\t\tclass=\"wp-block-uagb-image-gallery uagb-block-b3bf41eb     \"\n\t\t\t\t\t\tstyle=\"\"\n\t\t\t\t\t>\n\t\t\t\t\t\t\t\t\t\t\t<div class=\"spectra-image-gallery spectra-image-gallery__layout--grid spectra-image-gallery__layout--grid-col-3 spectra-image-gallery__layout--grid-col-tab-3 spectra-image-gallery__layout--grid-col-mob-2\">\n\t\t\t\t\t\t\t\t\t\t\t<div class='spectra-image-gallery__media-wrapper' data-spectra-gallery-image-id='2020' tabindex=\"0\">\n\t\t\t\t\t\t\t<div class=\"spectra-image-gallery__media spectra-image-gallery__media--grid\">\n\t\t\t\t<picture>\n\t\t\t\t\t<source media=\"(min-width: 1024px)\" srcset=\"https:\/\/ehpadcentrecreusecombraille.fr\/centre-de-ressources\/wp-content\/uploads\/sites\/8\/2024\/02\/IMG_20240130_201008-768x1024.jpg\">\n\t\t\t\t\t<source media=\"(min-width: 768px)\" srcset=\"https:\/\/ehpadcentrecreusecombraille.fr\/centre-de-ressources\/wp-content\/uploads\/sites\/8\/2024\/02\/IMG_20240130_201008-768x1024.jpg\">\n\t\t\t\t\t<img decoding=\"async\" class=\"spectra-image-gallery__media-thumbnail spectra-image-gallery__media-thumbnail--grid\" src=\"https:\/\/ehpadcentrecreusecombraille.fr\/centre-de-ressources\/wp-content\/uploads\/sites\/8\/2024\/02\/IMG_20240130_201008-225x300.jpg\" alt=\"\" loading=\"lazy\" \/>\n\t\t\t\t<\/picture>\n\t\t\t\t<div class=\"spectra-image-gallery__media-thumbnail-blurrer\"><\/div>\n\t\t\t\t\t\t\t\t\t\t\t<div class=\"spectra-image-gallery__media-thumbnail-caption-wrapper spectra-image-gallery__media-thumbnail-caption-wrapper--overlay\">\n\t\t\t\t\t\t\t\t\t\t\t<div class=\"spectra-image-gallery__media-thumbnail-caption spectra-image-gallery__media-thumbnail-caption--overlay\">\n\t\t\t\t\tJeux de soci\u00e9t\u00e9\t\t\t\t<\/div>\n\t\t\t\t\t\t\t\t\t\t<\/div>\n\t\t\t\t\t\t\t\t\t<\/div>\n\t\t\t\t\t\t<\/div>\n\t\t\t\t\t\t<div class='spectra-image-gallery__media-wrapper' data-spectra-gallery-image-id='2224' tabindex=\"0\">\n\t\t\t\t\t\t\t<div class=\"spectra-image-gallery__media spectra-image-gallery__media--grid\">\n\t\t\t\t<picture>\n\t\t\t\t\t<source media=\"(min-width: 1024px)\" srcset=\"https:\/\/ehpadcentrecreusecombraille.fr\/centre-de-ressources\/wp-content\/uploads\/sites\/8\/2024\/03\/IMG_20240130_201015-edited-1024x1024.jpg\">\n\t\t\t\t\t<source media=\"(min-width: 768px)\" srcset=\"https:\/\/ehpadcentrecreusecombraille.fr\/centre-de-ressources\/wp-content\/uploads\/sites\/8\/2024\/03\/IMG_20240130_201015-edited-1024x1024.jpg\">\n\t\t\t\t\t<img decoding=\"async\" class=\"spectra-image-gallery__media-thumbnail spectra-image-gallery__media-thumbnail--grid\" src=\"https:\/\/ehpadcentrecreusecombraille.fr\/centre-de-ressources\/wp-content\/uploads\/sites\/8\/2024\/03\/IMG_20240130_201015-edited-300x300.jpg\" alt=\"\" loading=\"lazy\" \/>\n\t\t\t\t<\/picture>\n\t\t\t\t<div class=\"spectra-image-gallery__media-thumbnail-blurrer\"><\/div>\n\t\t\t\t\t\t\t\t\t\t\t<div class=\"spectra-image-gallery__media-thumbnail-caption-wrapper spectra-image-gallery__media-thumbnail-caption-wrapper--overlay\">\n\t\t\t\t\t\t\t\t\t\t\t<div class=\"spectra-image-gallery__media-thumbnail-caption spectra-image-gallery__media-thumbnail-caption--overlay\">\n\t\t\t\t\tAtelier cuisine\t\t\t\t<\/div>\n\t\t\t\t\t\t\t\t\t\t<\/div>\n\t\t\t\t\t\t\t\t\t<\/div>\n\t\t\t\t\t\t<\/div>\n\t\t\t\t\t\t<div class='spectra-image-gallery__media-wrapper' data-spectra-gallery-image-id='2019' tabindex=\"0\">\n\t\t\t\t\t\t\t<div class=\"spectra-image-gallery__media spectra-image-gallery__media--grid\">\n\t\t\t\t<picture>\n\t\t\t\t\t<source media=\"(min-width: 1024px)\" srcset=\"https:\/\/ehpadcentrecreusecombraille.fr\/centre-de-ressources\/wp-content\/uploads\/sites\/8\/2024\/02\/IMG_20240130_201003-1024x768.jpg\">\n\t\t\t\t\t<source media=\"(min-width: 768px)\" srcset=\"https:\/\/ehpadcentrecreusecombraille.fr\/centre-de-ressources\/wp-content\/uploads\/sites\/8\/2024\/02\/IMG_20240130_201003-1024x768.jpg\">\n\t\t\t\t\t<img decoding=\"async\" class=\"spectra-image-gallery__media-thumbnail spectra-image-gallery__media-thumbnail--grid\" src=\"https:\/\/ehpadcentrecreusecombraille.fr\/centre-de-ressources\/wp-content\/uploads\/sites\/8\/2024\/02\/IMG_20240130_201003-300x225.jpg\" alt=\"\" loading=\"lazy\" \/>\n\t\t\t\t<\/picture>\n\t\t\t\t<div class=\"spectra-image-gallery__media-thumbnail-blurrer\"><\/div>\n\t\t\t\t\t\t\t\t\t\t\t<div class=\"spectra-image-gallery__media-thumbnail-caption-wrapper spectra-image-gallery__media-thumbnail-caption-wrapper--overlay\">\n\t\t\t\t\t\t\t\t\t\t\t<div class=\"spectra-image-gallery__media-thumbnail-caption spectra-image-gallery__media-thumbnail-caption--overlay\">\n\t\t\t\t\tJeux de soci\u00e9t\u00e9\t\t\t\t<\/div>\n\t\t\t\t\t\t\t\t\t\t<\/div>\n\t\t\t\t\t\t\t\t\t<\/div>\n\t\t\t\t\t\t<\/div>\n\t\t\t\t\t\t\t\t\t\t<\/div>\n\t\t\t\t\t\t\t\t\t\t\t\t\t\t\t\t\t\t<\/div>\n\t\t\t\t\t\t\t\t\t","protected":false},"excerpt":{"rendered":"<p>Nos partenaires UN OBJECTIF COMMUN&#8230; VOTRE BIEN \u00caTRE&nbsp;! L\u2019objectif d\u2019atome est d\u2019offrir une r\u00e9ponse de proximit\u00e9 pour toutes les personnes de plus de 60 ans vivant sur notre territoire quels que soient leur situation familiale, l\u2019\u00e9tat de sant\u00e9, les besoins exprim\u00e9s\u2026. Le Centre ne se substitut pas aux acteurs de sant\u00e9 existant, il agira en [&hellip;]<\/p>\n","protected":false},"author":2,"featured_media":0,"parent":0,"menu_order":0,"comment_status":"closed","ping_status":"closed","template":"","meta":{"_uag_custom_page_level_css":"","site-sidebar-layout":"no-sidebar","site-content-layout":"page-builder","ast-site-content-layout":"full-width-container","site-content-style":"unboxed","site-sidebar-style":"unboxed","ast-global-header-display":"","ast-banner-title-visibility":"","ast-main-header-display":"","ast-hfb-above-header-display":"","ast-hfb-below-header-display":"","ast-hfb-mobile-header-display":"","site-post-title":"disabled","ast-breadcrumbs-content":"","ast-featured-img":"disabled","footer-sml-layout":"","ast-disable-related-posts":"","theme-transparent-header-meta":"enabled","adv-header-id-meta":"","stick-header-meta":"","header-above-stick-meta":"","header-main-stick-meta":"","header-below-stick-meta":"","astra-migrate-meta-layouts":"set","ast-page-background-enabled":"default","ast-page-background-meta":{"desktop":{"background-color":"var(--ast-global-color-4)","background-image":"","background-repeat":"repeat","background-position":"center center","background-size":"auto","background-attachment":"scroll","background-type":"","background-media":"","overlay-type":"","overlay-color":"","overlay-opacity":"","overlay-gradient":""},"tablet":{"background-color":"","background-image":"","background-repeat":"repeat","background-position":"center center","background-size":"auto","background-attachment":"scroll","background-type":"","background-media":"","overlay-type":"","overlay-color":"","overlay-opacity":"","overlay-gradient":""},"mobile":{"background-color":"","background-image":"","background-repeat":"repeat","background-position":"center center","background-size":"auto","background-attachment":"scroll","background-type":"","background-media":"","overlay-type":"","overlay-color":"","overlay-opacity":"","overlay-gradient":""}},"ast-content-background-meta":{"desktop":{"background-color":"var(--ast-global-color-5)","background-image":"","background-repeat":"repeat","background-position":"center center","background-size":"auto","background-attachment":"scroll","background-type":"","background-media":"","overlay-type":"","overlay-color":"","overlay-opacity":"","overlay-gradient":""},"tablet":{"background-color":"var(--ast-global-color-5)","background-image":"","background-repeat":"repeat","background-position":"center center","background-size":"auto","background-attachment":"scroll","background-type":"","background-media":"","overlay-type":"","overlay-color":"","overlay-opacity":"","overlay-gradient":""},"mobile":{"background-color":"var(--ast-global-color-5)","background-image":"","background-repeat":"repeat","background-position":"center center","background-size":"auto","background-attachment":"scroll","background-type":"","background-media":"","overlay-type":"","overlay-color":"","overlay-opacity":"","overlay-gradient":""}},"footnotes":""},"class_list":["post-1819","page","type-page","status-publish","hentry"],"uagb_featured_image_src":{"full":false,"thumbnail":false,"medium":false,"medium_large":false,"large":false,"1536x1536":false,"2048x2048":false},"uagb_author_info":{"display_name":"azoure","author_link":"https:\/\/ehpadcentrecreusecombraille.fr\/centre-de-ressources\/author\/azoure\/"},"uagb_comment_info":0,"uagb_excerpt":"Nos partenaires UN OBJECTIF COMMUN&#8230; VOTRE BIEN \u00caTRE&nbsp;! L\u2019objectif d\u2019atome est d\u2019offrir une r\u00e9ponse de proximit\u00e9 pour toutes les personnes de plus de 60 ans vivant sur notre territoire quels que soient leur situation familiale, l\u2019\u00e9tat de sant\u00e9, les besoins exprim\u00e9s\u2026. Le Centre ne se substitut pas aux acteurs de sant\u00e9 existant, il agira en\u2026","_links":{"self":[{"href":"https:\/\/ehpadcentrecreusecombraille.fr\/centre-de-ressources\/wp-json\/wp\/v2\/pages\/1819","targetHints":{"allow":["GET"]}}],"collection":[{"href":"https:\/\/ehpadcentrecreusecombraille.fr\/centre-de-ressources\/wp-json\/wp\/v2\/pages"}],"about":[{"href":"https:\/\/ehpadcentrecreusecombraille.fr\/centre-de-ressources\/wp-json\/wp\/v2\/types\/page"}],"author":[{"embeddable":true,"href":"https:\/\/ehpadcentrecreusecombraille.fr\/centre-de-ressources\/wp-json\/wp\/v2\/users\/2"}],"replies":[{"embeddable":true,"href":"https:\/\/ehpadcentrecreusecombraille.fr\/centre-de-ressources\/wp-json\/wp\/v2\/comments?post=1819"}],"version-history":[{"count":5,"href":"https:\/\/ehpadcentrecreusecombraille.fr\/centre-de-ressources\/wp-json\/wp\/v2\/pages\/1819\/revisions"}],"predecessor-version":[{"id":2377,"href":"https:\/\/ehpadcentrecreusecombraille.fr\/centre-de-ressources\/wp-json\/wp\/v2\/pages\/1819\/revisions\/2377"}],"wp:attachment":[{"href":"https:\/\/ehpadcentrecreusecombraille.fr\/centre-de-ressources\/wp-json\/wp\/v2\/media?parent=1819"}],"curies":[{"name":"wp","href":"https:\/\/api.w.org\/{rel}","templated":true}]}}